{"id":508,"date":"2023-02-09T16:30:32","date_gmt":"2023-02-09T15:30:32","guid":{"rendered":"https:\/\/www.jst1030.be\/?page_id=508"},"modified":"2025-07-02T14:39:46","modified_gmt":"2025-07-02T12:39:46","slug":"new-formation-qualifiante-de-mecanicien-ne-cycles","status":"publish","type":"page","link":"https:\/\/www.jst1030.be\/?page_id=508","title":{"rendered":"M\u00e9canique de cycles"},"content":{"rendered":"<p>[et_pb_section fb_built=\u00a0\u00bb1&Prime; admin_label=\u00a0\u00bbHero section\u00a0\u00bb _builder_version=\u00a0\u00bb4.19.5&Prime; use_background_color_gradient=\u00a0\u00bbon\u00a0\u00bb background_color_gradient_stops=\u00a0\u00bbrgba(150,105,97,0.67) 0%|rgba(2,0,76,0.84) 100%\u00a0\u00bb background_color_gradient_overlays_image=\u00a0\u00bbon\u00a0\u00bb background_color_gradient_start=\u00a0\u00bbrgba(150,105,97,0.67)\u00a0\u00bb background_color_gradient_end=\u00a0\u00bbrgba(2,0,76,0.84)\u00a0\u00bb background_image=\u00a0\u00bbhttps:\/\/www.jst1030.be\/wp-content\/uploads\/2023\/02\/velo_back-1.png\u00a0\u00bb background_position=\u00a0\u00bbtop_center\u00a0\u00bb custom_margin=\u00a0\u00bb|||\u00a0\u00bb custom_padding=\u00a0\u00bb10%||0.1%|||\u00a0\u00bb global_colors_info=\u00a0\u00bb{}\u00a0\u00bb][et_pb_row column_structure=\u00a0\u00bb2_3,1_3&Prime; _builder_version=\u00a0\u00bb4.20.0&Prime; custom_margin=\u00a0\u00bb|||\u00a0\u00bb global_colors_info=\u00a0\u00bb{}\u00a0\u00bb][et_pb_column type=\u00a0\u00bb2_3&Prime; _builder_version=\u00a0\u00bb4.16&Prime; custom_padding=\u00a0\u00bb1px|||\u00a0\u00bb global_colors_info=\u00a0\u00bb{}\u00a0\u00bb custom_padding__hover=\u00a0\u00bb|||\u00a0\u00bb][et_pb_text _builder_version=\u00a0\u00bb4.27.4&Prime; text_font=\u00a0\u00bbLato||||||||\u00a0\u00bb text_font_size=\u00a0\u00bb17px\u00a0\u00bb text_line_height=\u00a0\u00bb1.8em\u00a0\u00bb header_font=\u00a0\u00bbLato|900|||||||\u00a0\u00bb header_font_size=\u00a0\u00bb80px\u00a0\u00bb header_letter_spacing=\u00a0\u00bb2px\u00a0\u00bb header_line_height=\u00a0\u00bb1.2em\u00a0\u00bb background_layout=\u00a0\u00bbdark\u00a0\u00bb max_width_tablet=\u00a0\u00bb\u00a0\u00bb max_width_phone=\u00a0\u00bb97%\u00a0\u00bb max_width_last_edited=\u00a0\u00bbon|phone\u00a0\u00bb custom_margin=\u00a0\u00bb|-108px||||\u00a0\u00bb custom_padding=\u00a0\u00bb|0px|5px|||\u00a0\u00bb animation_style=\u00a0\u00bbfold\u00a0\u00bb header_font_size_tablet=\u00a0\u00bb72px\u00a0\u00bb header_font_size_phone=\u00a0\u00bb55px\u00a0\u00bb header_font_size_last_edited=\u00a0\u00bbon|tablet\u00a0\u00bb global_colors_info=\u00a0\u00bb{}\u00a0\u00bb]<\/p>\n<h1><span style=\"font-weight: 400;\"><\/span><\/h1>\n<h1><span style=\"font-weight: 400;\">Formation<\/span><\/h1>\n<h1><span style=\"font-weight: 400;\">M\u00e9canique de cycles<\/span><\/h1>\n<p>Notre formation <span style=\"font-weight: 400;\">en m\u00e9canique de cycles<\/span> d\u00e9bute en octobre.<\/p>\n<p>Elle dure 6 mois et se fait en 2\u00a0 \u00e9tapes :<\/p>\n<ul>\n<li>formation de 4,5 mois<\/li>\n<li>stage de 6 semaines en entreprise<\/li>\n<\/ul>\n<p>Puis vous b\u00e9n\u00e9ficiez d&rsquo;un accompagnement \u00e0 la recherche d&#8217;emploi.<\/p>\n<p><span style=\"font-weight: 400;\">Cette formation gratuite est organis\u00e9e en collaboration avec la Mission locale de Schaerbeek.\u00a0\u00a0<\/span><\/p>\n<p>[\/et_pb_text][\/et_pb_column][et_pb_column type=\u00a0\u00bb1_3&Prime; _builder_version=\u00a0\u00bb4.16&Prime; custom_padding=\u00a0\u00bb|||\u00a0\u00bb global_colors_info=\u00a0\u00bb{}\u00a0\u00bb custom_padding__hover=\u00a0\u00bb|||\u00a0\u00bb][\/et_pb_column][\/et_pb_row][\/et_pb_section][et_pb_section fb_built=\u00a0\u00bb1&Prime; _builder_version=\u00a0\u00bb4.20.0&Prime; custom_padding=\u00a0\u00bb50px|0px|50px|0px||\u00a0\u00bb global_colors_info=\u00a0\u00bb{}\u00a0\u00bb][et_pb_row column_structure=\u00a0\u00bb1_3,1_3,1_3&Prime; _builder_version=\u00a0\u00bb4.20.0&Prime; custom_margin=\u00a0\u00bb|||\u00a0\u00bb custom_padding=\u00a0\u00bb||28px|1px||\u00a0\u00bb custom_width_px=\u00a0\u00bb1440px\u00a0\u00bb global_colors_info=\u00a0\u00bb{}\u00a0\u00bb][et_pb_column type=\u00a0\u00bb1_3&Prime; _builder_version=\u00a0\u00bb4.20.0&Prime; _module_preset=\u00a0\u00bbdefault\u00a0\u00bb global_colors_info=\u00a0\u00bb{}\u00a0\u00bb][et_pb_blurb title=\u00a0\u00bbConditions\u00a0\u00bb _builder_version=\u00a0\u00bb4.20.0&Prime; header_font=\u00a0\u00bbLato|900||on|||||\u00a0\u00bb header_font_size=\u00a0\u00bb15px\u00a0\u00bb header_letter_spacing=\u00a0\u00bb1px\u00a0\u00bb header_line_height=\u00a0\u00bb1.4em\u00a0\u00bb body_font=\u00a0\u00bbLato||||||||\u00a0\u00bb body_text_color=\u00a0\u00bb#898f99&Prime; body_font_size=\u00a0\u00bb16px\u00a0\u00bb body_line_height=\u00a0\u00bb1.6em\u00a0\u00bb text_orientation=\u00a0\u00bbcenter\u00a0\u00bb custom_margin=\u00a0\u00bb|||\u00a0\u00bb custom_padding=\u00a0\u00bb|||\u00a0\u00bb animation_style=\u00a0\u00bbslide\u00a0\u00bb animation_direction=\u00a0\u00bbbottom\u00a0\u00bb animation_delay=\u00a0\u00bb200ms\u00a0\u00bb animation_intensity_slide=\u00a0\u00bb4%\u00a0\u00bb animation=\u00a0\u00bboff\u00a0\u00bb border_radii=\u00a0\u00bbon|15px|15px|15px|15px\u00a0\u00bb global_colors_info=\u00a0\u00bb{}\u00a0\u00bb]<\/p>\n<p style=\"text-align: left;\"><span style=\"font-weight: 400;\">Int\u00e9r\u00eat pour l\u2019objet du cycle<\/span><\/p>\n<p style=\"text-align: left;\"><span style=\"font-weight: 400;\">\u00catre \u00e2g\u00e9.e de 18 ans minimum<\/span><\/p>\n<p style=\"text-align: left;\"><span style=\"font-weight: 400;\">De pr\u00e9f\u00e9rence <\/span><span style=\"font-weight: 400;\">ne pas \u00eatre porteur du CESI ou \u00e9quivalent<\/span><\/p>\n<p style=\"text-align: left;\">\u00catre inscrit.e aupr\u00e8s d&rsquo;Actiris comme chercheur.euse d&#8217;emploi innocup\u00e9.e\u00a0<\/p>\n<p style=\"text-align: left;\">\n<p>&nbsp;<\/p>\n<p>&nbsp;<\/p>\n<p>[\/et_pb_blurb][\/et_pb_column][et_pb_column type=\u00a0\u00bb1_3&Prime; _builder_version=\u00a0\u00bb4.16&Prime; custom_padding=\u00a0\u00bb|||\u00a0\u00bb global_colors_info=\u00a0\u00bb{}\u00a0\u00bb custom_padding__hover=\u00a0\u00bb|||\u00a0\u00bb][et_pb_blurb title=\u00a0\u00bbCours pratiques\u00a0\u00bb _builder_version=\u00a0\u00bb4.20.0&Prime; header_font=\u00a0\u00bbLato|900||on|||||\u00a0\u00bb header_font_size=\u00a0\u00bb15px\u00a0\u00bb header_letter_spacing=\u00a0\u00bb1px\u00a0\u00bb header_line_height=\u00a0\u00bb1.4em\u00a0\u00bb body_font=\u00a0\u00bbLato||||||||\u00a0\u00bb body_text_color=\u00a0\u00bb#898f99&Prime; body_font_size=\u00a0\u00bb16px\u00a0\u00bb body_line_height=\u00a0\u00bb1.6em\u00a0\u00bb text_orientation=\u00a0\u00bbcenter\u00a0\u00bb custom_margin=\u00a0\u00bb|||\u00a0\u00bb custom_padding=\u00a0\u00bb|||\u00a0\u00bb animation_style=\u00a0\u00bbslide\u00a0\u00bb animation_direction=\u00a0\u00bbbottom\u00a0\u00bb animation_delay=\u00a0\u00bb100ms\u00a0\u00bb animation_intensity_slide=\u00a0\u00bb4%\u00a0\u00bb animation=\u00a0\u00bboff\u00a0\u00bb border_radii=\u00a0\u00bbon|15px|15px|15px|15px\u00a0\u00bb global_colors_info=\u00a0\u00bb{}\u00a0\u00bb]<\/p>\n<p style=\"text-align: left;\"><span style=\"font-size: 16px;\">Pour tout type de v\u00e9los ainsi que pour tout composant et accessoire :<\/span><span style=\"font-weight: 400;\"><\/span><\/p>\n<p style=\"text-align: left;\"><span style=\"font-weight: 400;\">&#8211; Poser un diagnostic<\/span><\/p>\n<p style=\"text-align: left;\"><span style=\"font-weight: 400;\">&#8211; Utilisation de l\u2019outillage ad\u00e9quat<\/span><\/p>\n<p style=\"text-align: left;\"><span style=\"font-weight: 400;\">&#8211; Petites r\u00e9parations et petits entretiens<\/span><\/p>\n<p style=\"text-align: left;\"><span style=\"font-weight: 400;\">&#8211; Entretien g\u00e9n\u00e9ral<\/span><\/p>\n<p style=\"text-align: left;\"><span style=\"font-weight: 400;\">&#8211; Restauration compl\u00e8te<\/span><\/p>\n<p>&nbsp;<\/p>\n<p>[\/et_pb_blurb][\/et_pb_column][et_pb_column type=\u00a0\u00bb1_3&Prime; _builder_version=\u00a0\u00bb4.20.0&Prime; _module_preset=\u00a0\u00bbdefault\u00a0\u00bb global_colors_info=\u00a0\u00bb{}\u00a0\u00bb][et_pb_blurb title=\u00a0\u00bbCours th\u00e9oriques\u00a0\u00bb _builder_version=\u00a0\u00bb4.20.0&Prime; header_font=\u00a0\u00bbLato|900||on|||||\u00a0\u00bb header_font_size=\u00a0\u00bb15px\u00a0\u00bb header_letter_spacing=\u00a0\u00bb1px\u00a0\u00bb header_line_height=\u00a0\u00bb1.4em\u00a0\u00bb body_font=\u00a0\u00bbLato||||||||\u00a0\u00bb body_text_color=\u00a0\u00bb#898f99&Prime; body_font_size=\u00a0\u00bb16px\u00a0\u00bb body_line_height=\u00a0\u00bb1.6em\u00a0\u00bb text_orientation=\u00a0\u00bbcenter\u00a0\u00bb custom_margin=\u00a0\u00bb|||\u00a0\u00bb custom_padding=\u00a0\u00bb|||\u00a0\u00bb animation_style=\u00a0\u00bbslide\u00a0\u00bb animation_direction=\u00a0\u00bbbottom\u00a0\u00bb animation_intensity_slide=\u00a0\u00bb4%\u00a0\u00bb animation=\u00a0\u00bboff\u00a0\u00bb border_radii=\u00a0\u00bbon|15px|15px|15px|15px\u00a0\u00bb global_colors_info=\u00a0\u00bb{}\u00a0\u00bb]<\/p>\n<p style=\"text-align: left;\"><span style=\"font-weight: 400;\">Les diff\u00e9rents types de directions<\/span><\/p>\n<p style=\"text-align: left;\"><span style=\"font-weight: 400;\">Les diff\u00e9rents types de transmissions<\/span><\/p>\n<p style=\"text-align: left;\"><span style=\"font-weight: 400;\">Les diff\u00e9rents types de\u00a0 freinages<\/span><\/p>\n<p style=\"text-align: left;\"><span style=\"font-weight: 400;\">Les\u00a0 roues<\/span><\/p>\n<p style=\"text-align: left;\"><span style=\"font-weight: 400;\">Les notions de base des v\u00e9los \u00e9lectriques<\/span><\/p>\n<p style=\"text-align: left;\"><span style=\"font-weight: 400;\">Normes d\u2019hygi\u00e8ne et de s\u00e9curit\u00e9<\/span><\/p>\n<p style=\"text-align: left;\"><span style=\"font-weight: 400;\">Visites aux acteurs bruxellois du v\u00e9lo<\/span><\/p>\n<p style=\"text-align: left;\"><span style=\"font-weight: 400;\">Communication et N\u00e9erlandais<\/span><\/p>\n<p style=\"text-align: left;\"><span style=\"font-weight: 400;\">G\u00e9n\u00e9ralit\u00e9s<\/span><\/p>\n<p>[\/et_pb_blurb][\/et_pb_column][\/et_pb_row][et_pb_row column_structure=\u00a0\u00bb1_3,1_3,1_3&Prime; _builder_version=\u00a0\u00bb4.20.0&Prime; custom_margin=\u00a0\u00bb|||\u00a0\u00bb custom_width_px=\u00a0\u00bb1440px\u00a0\u00bb global_colors_info=\u00a0\u00bb{}\u00a0\u00bb][et_pb_column type=\u00a0\u00bb1_3&Prime; _builder_version=\u00a0\u00bb4.20.0&Prime; _module_preset=\u00a0\u00bbdefault\u00a0\u00bb global_colors_info=\u00a0\u00bb{}\u00a0\u00bb][et_pb_blurb title=\u00a0\u00bbhoraires\u00a0\u00bb _builder_version=\u00a0\u00bb4.20.0&Prime; header_font=\u00a0\u00bbLato|900||on|||||\u00a0\u00bb header_font_size=\u00a0\u00bb15px\u00a0\u00bb header_letter_spacing=\u00a0\u00bb1px\u00a0\u00bb header_line_height=\u00a0\u00bb1.4em\u00a0\u00bb body_font=\u00a0\u00bbLato||||||||\u00a0\u00bb body_text_color=\u00a0\u00bb#898f99&Prime; body_font_size=\u00a0\u00bb16px\u00a0\u00bb body_line_height=\u00a0\u00bb1.6em\u00a0\u00bb text_orientation=\u00a0\u00bbcenter\u00a0\u00bb custom_margin=\u00a0\u00bb|||\u00a0\u00bb custom_padding=\u00a0\u00bb|||\u00a0\u00bb animation_style=\u00a0\u00bbslide\u00a0\u00bb animation_direction=\u00a0\u00bbbottom\u00a0\u00bb animation_delay=\u00a0\u00bb100ms\u00a0\u00bb animation_intensity_slide=\u00a0\u00bb4%\u00a0\u00bb animation=\u00a0\u00bboff\u00a0\u00bb border_radii=\u00a0\u00bbon|15px|15px|15px|15px\u00a0\u00bb global_colors_info=\u00a0\u00bb{}\u00a0\u00bb]<\/p>\n<p style=\"text-align: left;\"><span style=\"font-weight: 400;\">du lundi au jeudi: 8h30 &#8211; 17h<\/span><\/p>\n<p style=\"text-align: left;\">La formation est donn\u00e9e d&rsquo;o<span style=\"font-weight: 400;\">ctobre \u00e0 mars<\/span><span style=\"font-weight: 400;\"><\/span><\/p>\n<p style=\"text-align: left;\"><span style=\"font-weight: 400;\"><\/span><\/p>\n<p>[\/et_pb_blurb][\/et_pb_column][et_pb_column type=\u00a0\u00bb1_3&Prime; _builder_version=\u00a0\u00bb4.16&Prime; custom_padding=\u00a0\u00bb|||\u00a0\u00bb global_colors_info=\u00a0\u00bb{}\u00a0\u00bb custom_padding__hover=\u00a0\u00bb|||\u00a0\u00bb][\/et_pb_column][et_pb_column type=\u00a0\u00bb1_3&Prime; _builder_version=\u00a0\u00bb4.16&Prime; custom_padding=\u00a0\u00bb|||\u00a0\u00bb global_colors_info=\u00a0\u00bb{}\u00a0\u00bb custom_padding__hover=\u00a0\u00bb|||\u00a0\u00bb][et_pb_blurb title=\u00a0\u00bbAvantages li\u00e9s \u00e0 la formation\u00a0\u00bb _builder_version=\u00a0\u00bb4.20.0&Prime; header_font=\u00a0\u00bbLato|900||on|||||\u00a0\u00bb header_font_size=\u00a0\u00bb15px\u00a0\u00bb header_letter_spacing=\u00a0\u00bb1px\u00a0\u00bb header_line_height=\u00a0\u00bb1.4em\u00a0\u00bb body_font=\u00a0\u00bbLato||||||||\u00a0\u00bb body_text_color=\u00a0\u00bb#898f99&Prime; body_font_size=\u00a0\u00bb16px\u00a0\u00bb body_line_height=\u00a0\u00bb1.6em\u00a0\u00bb text_orientation=\u00a0\u00bbcenter\u00a0\u00bb custom_margin=\u00a0\u00bb|||\u00a0\u00bb custom_padding=\u00a0\u00bb|||\u00a0\u00bb animation_style=\u00a0\u00bbslide\u00a0\u00bb animation_direction=\u00a0\u00bbbottom\u00a0\u00bb animation_intensity_slide=\u00a0\u00bb4%\u00a0\u00bb animation=\u00a0\u00bboff\u00a0\u00bb border_radii=\u00a0\u00bbon|15px|15px|15px|15px\u00a0\u00bb global_colors_info=\u00a0\u00bb{}\u00a0\u00bb]<\/p>\n<p style=\"text-align: left;\">Prime de formation forfaitaire accord\u00e9e par heure de formation accomplie.<\/p>\n<p style=\"text-align: left;\">Intervention dans les frais de d\u00e9placement vers le lieu de stage.<\/p>\n<p style=\"text-align: left;\">Une assurance RC et accident couvre les stagiaires lors de leur formation.<\/p>\n<p style=\"text-align: left;\">.<\/p>\n<p>[\/et_pb_blurb][\/et_pb_column][\/et_pb_row][\/et_pb_section][et_pb_section fb_built=\u00a0\u00bb1&Prime; admin_label=\u00a0\u00bbHero section\u00a0\u00bb _builder_version=\u00a0\u00bb4.19.5&Prime; use_background_color_gradient=\u00a0\u00bbon\u00a0\u00bb background_color_gradient_stops=\u00a0\u00bbrgba(150,105,97,0.67) 0%|rgba(2,0,76,0.84) 100%\u00a0\u00bb background_color_gradient_overlays_image=\u00a0\u00bbon\u00a0\u00bb background_color_gradient_start=\u00a0\u00bbrgba(150,105,97,0.67)\u00a0\u00bb background_color_gradient_end=\u00a0\u00bbrgba(2,0,76,0.84)\u00a0\u00bb background_image=\u00a0\u00bbhttps:\/\/www.jst1030.be\/wp-content\/uploads\/2023\/02\/velo_back-1.png\u00a0\u00bb background_position=\u00a0\u00bbtop_center\u00a0\u00bb min_height=\u00a0\u00bb501.4px\u00a0\u00bb custom_margin=\u00a0\u00bb-57px|||||\u00a0\u00bb custom_padding=\u00a0\u00bb10%||0.4%|||\u00a0\u00bb global_colors_info=\u00a0\u00bb{}\u00a0\u00bb][et_pb_row _builder_version=\u00a0\u00bb4.19.5&Prime; width=\u00a0\u00bb93.5%\u00a0\u00bb custom_margin=\u00a0\u00bb|||\u00a0\u00bb global_colors_info=\u00a0\u00bb{}\u00a0\u00bb][et_pb_column type=\u00a0\u00bb4_4&Prime; _builder_version=\u00a0\u00bb4.16&Prime; custom_padding=\u00a0\u00bb|||\u00a0\u00bb global_colors_info=\u00a0\u00bb{}\u00a0\u00bb custom_padding__hover=\u00a0\u00bb|||\u00a0\u00bb][et_pb_cta title=\u00a0\u00bbInt\u00e9ress\u00e9.e ?\u00a0\u00bb _builder_version=\u00a0\u00bb4.20.0&Prime; header_font=\u00a0\u00bbLato|900||on|||||\u00a0\u00bb header_font_size=\u00a0\u00bb48px\u00a0\u00bb header_letter_spacing=\u00a0\u00bb2px\u00a0\u00bb header_line_height=\u00a0\u00bb1.2em\u00a0\u00bb body_font=\u00a0\u00bbLato||||||||\u00a0\u00bb body_font_size=\u00a0\u00bb17px\u00a0\u00bb body_line_height=\u00a0\u00bb1.8em\u00a0\u00bb use_background_color=\u00a0\u00bboff\u00a0\u00bb custom_button=\u00a0\u00bbon\u00a0\u00bb button_text_size=\u00a0\u00bb16px\u00a0\u00bb button_text_color=\u00a0\u00bb#ffffff\u00a0\u00bb button_bg_color=\u00a0\u00bb#fa7f28&Prime; button_border_width=\u00a0\u00bb6px\u00a0\u00bb button_border_color=\u00a0\u00bb#fa7f28&Prime; button_border_radius=\u00a0\u00bb5px\u00a0\u00bb button_letter_spacing=\u00a0\u00bb2px\u00a0\u00bb button_font=\u00a0\u00bbLato|900||on|||||\u00a0\u00bb max_width=\u00a0\u00bb1030px\u00a0\u00bb module_alignment=\u00a0\u00bbcenter\u00a0\u00bb custom_margin=\u00a0\u00bb|101px||101px||\u00a0\u00bb custom_padding=\u00a0\u00bb|45px||0px||\u00a0\u00bb animation_style=\u00a0\u00bbfold\u00a0\u00bb header_font_size_tablet=\u00a0\u00bb58px\u00a0\u00bb header_font_size_phone=\u00a0\u00bb49px\u00a0\u00bb header_font_size_last_edited=\u00a0\u00bbon|tablet\u00a0\u00bb header_text_shadow_style=\u00a0\u00bbpreset1&Prime; header_text_shadow_blur_strength=\u00a0\u00bb0.6em\u00a0\u00bb header_text_shadow_color=\u00a0\u00bbrgba(0,0,0,0.24)\u00a0\u00bb box_shadow_style_button=\u00a0\u00bbpreset3&Prime; box_shadow_blur_button=\u00a0\u00bb30px\u00a0\u00bb box_shadow_spread_button=\u00a0\u00bb8px\u00a0\u00bb box_shadow_color_button=\u00a0\u00bbrgba(250,127,40,0.15)\u00a0\u00bb button_letter_spacing_hover=\u00a0\u00bb2px\u00a0\u00bb global_colors_info=\u00a0\u00bb{}\u00a0\u00bb button_text_size__hover_enabled=\u00a0\u00bboff\u00a0\u00bb button_one_text_size__hover_enabled=\u00a0\u00bboff\u00a0\u00bb button_two_text_size__hover_enabled=\u00a0\u00bboff\u00a0\u00bb button_text_color__hover_enabled=\u00a0\u00bboff\u00a0\u00bb button_one_text_color__hover_enabled=\u00a0\u00bboff\u00a0\u00bb button_two_text_color__hover_enabled=\u00a0\u00bboff\u00a0\u00bb button_border_width__hover_enabled=\u00a0\u00bboff\u00a0\u00bb button_one_border_width__hover_enabled=\u00a0\u00bboff\u00a0\u00bb button_two_border_width__hover_enabled=\u00a0\u00bboff\u00a0\u00bb button_border_color__hover_enabled=\u00a0\u00bboff\u00a0\u00bb button_one_border_color__hover_enabled=\u00a0\u00bboff\u00a0\u00bb button_two_border_color__hover_enabled=\u00a0\u00bboff\u00a0\u00bb button_border_radius__hover_enabled=\u00a0\u00bboff\u00a0\u00bb button_one_border_radius__hover_enabled=\u00a0\u00bboff\u00a0\u00bb button_two_border_radius__hover_enabled=\u00a0\u00bboff\u00a0\u00bb button_letter_spacing__hover_enabled=\u00a0\u00bbon\u00a0\u00bb button_letter_spacing__hover=\u00a0\u00bb2px\u00a0\u00bb button_one_letter_spacing__hover_enabled=\u00a0\u00bboff\u00a0\u00bb button_two_letter_spacing__hover_enabled=\u00a0\u00bboff\u00a0\u00bb button_bg_color__hover_enabled=\u00a0\u00bboff\u00a0\u00bb button_one_bg_color__hover_enabled=\u00a0\u00bboff\u00a0\u00bb button_two_bg_color__hover_enabled=\u00a0\u00bboff\u00a0\u00bb]<\/p>\n<p><span style=\"font-weight: 400;\"><br \/>La formation t\u2019int\u00e9resse? <\/span><span style=\"font-weight: 400;\">Des <\/span><span style=\"font-weight: 400;\">s\u00e9ances d\u2019informations sont organis\u00e9es chaque ann\u00e9e !<\/span><\/p>\n<p><span style=\"font-weight: 400;\">Contacte <\/span><span style=\"font-weight: 400;\">la Mission Locale de Schaerbeek,<\/span><span style=\"font-weight: 400;\"> nous nous ferons un plaisir de r\u00e9pondre \u00e0 toutes tes questions !<\/span><\/p>\n<p><span style=\"font-weight: 400;\">+32 (0)2 247 77 22<\/span><\/p>\n<p><span style=\"font-weight: 400;\"><a href=\"mailto:projet@milocs.be\" title=\"Nous \u00e9crire\">projet@milocs.be<\/a><\/span><\/p>\n<p>[\/et_pb_cta][\/et_pb_column][\/et_pb_row][\/et_pb_section]<\/p>\n","protected":false},"excerpt":{"rendered":"<p>Formation M\u00e9canique de cycles Notre formation en m\u00e9canique de cycles d\u00e9bute en octobre. Elle dure 6 mois et se fait en 2\u00a0 \u00e9tapes : formation de 4,5 mois stage de 6 semaines en entreprise Puis vous b\u00e9n\u00e9ficiez d&rsquo;un accompagnement \u00e0 la recherche d&#8217;emploi. Cette formation gratuite est organis\u00e9e en collaboration avec la Mission locale de [&hellip;]<\/p>\n","protected":false},"author":1,"featured_media":0,"parent":0,"menu_order":0,"comment_status":"closed","ping_status":"closed","template":"","meta":{"_et_pb_use_builder":"on","_et_pb_old_content":"<!-- wp:divi\/placeholder \/-->","_et_gb_content_width":"","footnotes":""},"class_list":["post-508","page","type-page","status-publish","hentry"],"yoast_head":"<!-- This site is optimized with the Yoast SEO plugin v27.3 - https:\/\/yoast.com\/product\/yoast-seo-wordpress\/ -->\n<title>M\u00e9canique de cycles - JST ASBL<\/title>\n<meta name=\"robots\" content=\"index, follow, max-snippet:-1, max-image-preview:large, max-video-preview:-1\" \/>\n<link rel=\"canonical\" href=\"https:\/\/www.jst1030.be\/?page_id=508\" \/>\n<meta property=\"og:locale\" content=\"fr_FR\" \/>\n<meta property=\"og:type\" content=\"article\" \/>\n<meta property=\"og:title\" content=\"M\u00e9canique de cycles - JST ASBL\" \/>\n<meta property=\"og:description\" content=\"Formation M\u00e9canique de cycles Notre formation en m\u00e9canique de cycles d\u00e9bute en octobre. Elle dure 6 mois et se fait en 2\u00a0 \u00e9tapes : formation de 4,5 mois stage de 6 semaines en entreprise Puis vous b\u00e9n\u00e9ficiez d&#039;un accompagnement \u00e0 la recherche d&#039;emploi. Cette formation gratuite est organis\u00e9e en collaboration avec la Mission locale de [&hellip;]\" \/>\n<meta property=\"og:url\" content=\"https:\/\/www.jst1030.be\/?page_id=508\" \/>\n<meta property=\"og:site_name\" content=\"JST ASBL\" \/>\n<meta property=\"article:publisher\" content=\"https:\/\/www.facebook.com\/JstAsblJeunesSchaerbeekoisAuTravail?locale=fr_FR\" \/>\n<meta property=\"article:modified_time\" content=\"2025-07-02T12:39:46+00:00\" \/>\n<meta name=\"twitter:card\" content=\"summary_large_image\" \/>\n<meta name=\"twitter:label1\" content=\"Dur\u00e9e de lecture estim\u00e9e\" \/>\n\t<meta name=\"twitter:data1\" content=\"7 minutes\" \/>\n<script type=\"application\/ld+json\" class=\"yoast-schema-graph\">{\"@context\":\"https:\\\/\\\/schema.org\",\"@graph\":[{\"@type\":\"WebPage\",\"@id\":\"https:\\\/\\\/www.jst1030.be\\\/?page_id=508\",\"url\":\"https:\\\/\\\/www.jst1030.be\\\/?page_id=508\",\"name\":\"M\u00e9canique de cycles - JST ASBL\",\"isPartOf\":{\"@id\":\"https:\\\/\\\/www.jst1030.be\\\/#website\"},\"datePublished\":\"2023-02-09T15:30:32+00:00\",\"dateModified\":\"2025-07-02T12:39:46+00:00\",\"breadcrumb\":{\"@id\":\"https:\\\/\\\/www.jst1030.be\\\/?page_id=508#breadcrumb\"},\"inLanguage\":\"fr-FR\",\"potentialAction\":[{\"@type\":\"ReadAction\",\"target\":[\"https:\\\/\\\/www.jst1030.be\\\/?page_id=508\"]}]},{\"@type\":\"BreadcrumbList\",\"@id\":\"https:\\\/\\\/www.jst1030.be\\\/?page_id=508#breadcrumb\",\"itemListElement\":[{\"@type\":\"ListItem\",\"position\":1,\"name\":\"Accueil\",\"item\":\"https:\\\/\\\/www.jst1030.be\\\/\"},{\"@type\":\"ListItem\",\"position\":2,\"name\":\"M\u00e9canique de cycles\"}]},{\"@type\":\"WebSite\",\"@id\":\"https:\\\/\\\/www.jst1030.be\\\/#website\",\"url\":\"https:\\\/\\\/www.jst1030.be\\\/\",\"name\":\"JST ASBL\",\"description\":\"Formation par le travail\",\"publisher\":{\"@id\":\"https:\\\/\\\/www.jst1030.be\\\/#organization\"},\"potentialAction\":[{\"@type\":\"SearchAction\",\"target\":{\"@type\":\"EntryPoint\",\"urlTemplate\":\"https:\\\/\\\/www.jst1030.be\\\/?s={search_term_string}\"},\"query-input\":{\"@type\":\"PropertyValueSpecification\",\"valueRequired\":true,\"valueName\":\"search_term_string\"}}],\"inLanguage\":\"fr-FR\"},{\"@type\":\"Organization\",\"@id\":\"https:\\\/\\\/www.jst1030.be\\\/#organization\",\"name\":\"JST ASBL\",\"url\":\"https:\\\/\\\/www.jst1030.be\\\/\",\"logo\":{\"@type\":\"ImageObject\",\"inLanguage\":\"fr-FR\",\"@id\":\"https:\\\/\\\/www.jst1030.be\\\/#\\\/schema\\\/logo\\\/image\\\/\",\"url\":\"https:\\\/\\\/www.jst1030.be\\\/wp-content\\\/uploads\\\/2019\\\/12\\\/cropped-favicon-1.jpg\",\"contentUrl\":\"https:\\\/\\\/www.jst1030.be\\\/wp-content\\\/uploads\\\/2019\\\/12\\\/cropped-favicon-1.jpg\",\"width\":512,\"height\":512,\"caption\":\"JST ASBL\"},\"image\":{\"@id\":\"https:\\\/\\\/www.jst1030.be\\\/#\\\/schema\\\/logo\\\/image\\\/\"},\"sameAs\":[\"https:\\\/\\\/www.facebook.com\\\/JstAsblJeunesSchaerbeekoisAuTravail?locale=fr_FR\"]}]}<\/script>\n<!-- \/ Yoast SEO plugin. -->","yoast_head_json":{"title":"M\u00e9canique de cycles - JST ASBL","robots":{"index":"index","follow":"follow","max-snippet":"max-snippet:-1","max-image-preview":"max-image-preview:large","max-video-preview":"max-video-preview:-1"},"canonical":"https:\/\/www.jst1030.be\/?page_id=508","og_locale":"fr_FR","og_type":"article","og_title":"M\u00e9canique de cycles - JST ASBL","og_description":"Formation M\u00e9canique de cycles Notre formation en m\u00e9canique de cycles d\u00e9bute en octobre. Elle dure 6 mois et se fait en 2\u00a0 \u00e9tapes : formation de 4,5 mois stage de 6 semaines en entreprise Puis vous b\u00e9n\u00e9ficiez d'un accompagnement \u00e0 la recherche d'emploi. Cette formation gratuite est organis\u00e9e en collaboration avec la Mission locale de [&hellip;]","og_url":"https:\/\/www.jst1030.be\/?page_id=508","og_site_name":"JST ASBL","article_publisher":"https:\/\/www.facebook.com\/JstAsblJeunesSchaerbeekoisAuTravail?locale=fr_FR","article_modified_time":"2025-07-02T12:39:46+00:00","twitter_card":"summary_large_image","twitter_misc":{"Dur\u00e9e de lecture estim\u00e9e":"7 minutes"},"schema":{"@context":"https:\/\/schema.org","@graph":[{"@type":"WebPage","@id":"https:\/\/www.jst1030.be\/?page_id=508","url":"https:\/\/www.jst1030.be\/?page_id=508","name":"M\u00e9canique de cycles - JST ASBL","isPartOf":{"@id":"https:\/\/www.jst1030.be\/#website"},"datePublished":"2023-02-09T15:30:32+00:00","dateModified":"2025-07-02T12:39:46+00:00","breadcrumb":{"@id":"https:\/\/www.jst1030.be\/?page_id=508#breadcrumb"},"inLanguage":"fr-FR","potentialAction":[{"@type":"ReadAction","target":["https:\/\/www.jst1030.be\/?page_id=508"]}]},{"@type":"BreadcrumbList","@id":"https:\/\/www.jst1030.be\/?page_id=508#breadcrumb","itemListElement":[{"@type":"ListItem","position":1,"name":"Accueil","item":"https:\/\/www.jst1030.be\/"},{"@type":"ListItem","position":2,"name":"M\u00e9canique de cycles"}]},{"@type":"WebSite","@id":"https:\/\/www.jst1030.be\/#website","url":"https:\/\/www.jst1030.be\/","name":"JST ASBL","description":"Formation par le travail","publisher":{"@id":"https:\/\/www.jst1030.be\/#organization"},"potentialAction":[{"@type":"SearchAction","target":{"@type":"EntryPoint","urlTemplate":"https:\/\/www.jst1030.be\/?s={search_term_string}"},"query-input":{"@type":"PropertyValueSpecification","valueRequired":true,"valueName":"search_term_string"}}],"inLanguage":"fr-FR"},{"@type":"Organization","@id":"https:\/\/www.jst1030.be\/#organization","name":"JST ASBL","url":"https:\/\/www.jst1030.be\/","logo":{"@type":"ImageObject","inLanguage":"fr-FR","@id":"https:\/\/www.jst1030.be\/#\/schema\/logo\/image\/","url":"https:\/\/www.jst1030.be\/wp-content\/uploads\/2019\/12\/cropped-favicon-1.jpg","contentUrl":"https:\/\/www.jst1030.be\/wp-content\/uploads\/2019\/12\/cropped-favicon-1.jpg","width":512,"height":512,"caption":"JST ASBL"},"image":{"@id":"https:\/\/www.jst1030.be\/#\/schema\/logo\/image\/"},"sameAs":["https:\/\/www.facebook.com\/JstAsblJeunesSchaerbeekoisAuTravail?locale=fr_FR"]}]}},"_links":{"self":[{"href":"https:\/\/www.jst1030.be\/index.php?rest_route=\/wp\/v2\/pages\/508","targetHints":{"allow":["GET"]}}],"collection":[{"href":"https:\/\/www.jst1030.be\/index.php?rest_route=\/wp\/v2\/pages"}],"about":[{"href":"https:\/\/www.jst1030.be\/index.php?rest_route=\/wp\/v2\/types\/page"}],"author":[{"embeddable":true,"href":"https:\/\/www.jst1030.be\/index.php?rest_route=\/wp\/v2\/users\/1"}],"replies":[{"embeddable":true,"href":"https:\/\/www.jst1030.be\/index.php?rest_route=%2Fwp%2Fv2%2Fcomments&post=508"}],"version-history":[{"count":30,"href":"https:\/\/www.jst1030.be\/index.php?rest_route=\/wp\/v2\/pages\/508\/revisions"}],"predecessor-version":[{"id":958,"href":"https:\/\/www.jst1030.be\/index.php?rest_route=\/wp\/v2\/pages\/508\/revisions\/958"}],"wp:attachment":[{"href":"https:\/\/www.jst1030.be\/index.php?rest_route=%2Fwp%2Fv2%2Fmedia&parent=508"}],"curies":[{"name":"wp","href":"https:\/\/api.w.org\/{rel}","templated":true}]}}