{"id":620,"date":"2023-03-02T12:17:27","date_gmt":"2023-03-02T11:17:27","guid":{"rendered":"https:\/\/www.jst1030.be\/?page_id=620"},"modified":"2025-07-09T16:20:31","modified_gmt":"2025-07-09T14:20:31","slug":"new-qui-somme-nous","status":"publish","type":"page","link":"https:\/\/www.jst1030.be\/?page_id=620","title":{"rendered":"Qui sommes nous?"},"content":{"rendered":"<p>[et_pb_section fb_built=\u00a0\u00bb1&Prime; custom_padding_last_edited=\u00a0\u00bbon|phone\u00a0\u00bb admin_label=\u00a0\u00bbHero section\u00a0\u00bb _builder_version=\u00a0\u00bb4.27.4&Prime; use_background_color_gradient=\u00a0\u00bbon\u00a0\u00bb background_color_gradient_stops=\u00a0\u00bbrgba(150,105,97,0.67) 0%|rgba(2,0,76,0.84) 100%\u00a0\u00bb background_color_gradient_overlays_image=\u00a0\u00bbon\u00a0\u00bb background_color_gradient_start=\u00a0\u00bbrgba(150,105,97,0.67)\u00a0\u00bb background_color_gradient_end=\u00a0\u00bbrgba(2,0,76,0.84)\u00a0\u00bb background_enable_image=\u00a0\u00bboff\u00a0\u00bb background_position=\u00a0\u00bbtop_center\u00a0\u00bb custom_margin=\u00a0\u00bb||||false|false\u00a0\u00bb custom_padding=\u00a0\u00bb1%||1%||false|false\u00a0\u00bb custom_padding_tablet=\u00a0\u00bb1.1%||6.8%|||\u00a0\u00bb custom_padding_phone=\u00a0\u00bb0%||0%||false|false\u00a0\u00bb hover_enabled=\u00a0\u00bb0&Prime; global_colors_info=\u00a0\u00bb{}\u00a0\u00bb sticky_enabled=\u00a0\u00bb0&Prime;][et_pb_row _builder_version=\u00a0\u00bb4.20.0&Prime; custom_margin=\u00a0\u00bb|auto|85px|auto||\u00a0\u00bb custom_padding=\u00a0\u00bb0px|||||\u00a0\u00bb global_colors_info=\u00a0\u00bb{}\u00a0\u00bb][et_pb_column type=\u00a0\u00bb4_4&Prime; _builder_version=\u00a0\u00bb4.16&Prime; custom_padding=\u00a0\u00bb1px|||\u00a0\u00bb global_colors_info=\u00a0\u00bb{}\u00a0\u00bb custom_padding__hover=\u00a0\u00bb|||\u00a0\u00bb][et_pb_cta title=\u00a0\u00bbQui sommes-nous?\u00a0\u00bb button_url=\u00a0\u00bb#\u00a0\u00bb _builder_version=\u00a0\u00bb4.20.2&Prime; header_level=\u00a0\u00bbh1&Prime; header_font=\u00a0\u00bbLato|900||on|||||\u00a0\u00bb header_font_size=\u00a0\u00bb65px\u00a0\u00bb header_letter_spacing=\u00a0\u00bb2px\u00a0\u00bb header_line_height=\u00a0\u00bb1.2em\u00a0\u00bb body_font=\u00a0\u00bbLato||||||||\u00a0\u00bb body_font_size=\u00a0\u00bb21px\u00a0\u00bb body_line_height=\u00a0\u00bb1.8em\u00a0\u00bb use_background_color=\u00a0\u00bboff\u00a0\u00bb custom_button=\u00a0\u00bbon\u00a0\u00bb button_text_size=\u00a0\u00bb16px\u00a0\u00bb button_text_color=\u00a0\u00bb#ffffff\u00a0\u00bb button_bg_color=\u00a0\u00bb#fa7f28&Prime; button_border_width=\u00a0\u00bb6px\u00a0\u00bb button_border_color=\u00a0\u00bb#fa7f28&Prime; button_border_radius=\u00a0\u00bb5px\u00a0\u00bb button_letter_spacing=\u00a0\u00bb2px\u00a0\u00bb button_font=\u00a0\u00bbLato|900||on|||||\u00a0\u00bb text_orientation=\u00a0\u00bbleft\u00a0\u00bb max_width=\u00a0\u00bb1323px\u00a0\u00bb module_alignment=\u00a0\u00bbleft\u00a0\u00bb min_height=\u00a0\u00bb1013px\u00a0\u00bb custom_margin=\u00a0\u00bb|-467px||||\u00a0\u00bb custom_padding=\u00a0\u00bb|0px|2px|||\u00a0\u00bb animation_style=\u00a0\u00bbfold\u00a0\u00bb animation_intensity_fold=\u00a0\u00bb16%\u00a0\u00bb header_font_size_tablet=\u00a0\u00bb47px\u00a0\u00bb header_font_size_phone=\u00a0\u00bb27px\u00a0\u00bb header_font_size_last_edited=\u00a0\u00bbon|desktop\u00a0\u00bb header_text_shadow_style=\u00a0\u00bbpreset1&Prime; header_text_shadow_blur_strength=\u00a0\u00bb0.6em\u00a0\u00bb header_text_shadow_color=\u00a0\u00bbrgba(0,0,0,0.6)\u00a0\u00bb box_shadow_style_button=\u00a0\u00bbpreset3&Prime; box_shadow_blur_button=\u00a0\u00bb30px\u00a0\u00bb box_shadow_spread_button=\u00a0\u00bb8px\u00a0\u00bb box_shadow_color_button=\u00a0\u00bbrgba(250,127,40,0.15)\u00a0\u00bb button_letter_spacing_hover=\u00a0\u00bb2px\u00a0\u00bb global_colors_info=\u00a0\u00bb{}\u00a0\u00bb button_text_size__hover_enabled=\u00a0\u00bboff\u00a0\u00bb button_one_text_size__hover_enabled=\u00a0\u00bboff\u00a0\u00bb button_two_text_size__hover_enabled=\u00a0\u00bboff\u00a0\u00bb button_text_color__hover_enabled=\u00a0\u00bboff\u00a0\u00bb button_one_text_color__hover_enabled=\u00a0\u00bboff\u00a0\u00bb button_two_text_color__hover_enabled=\u00a0\u00bboff\u00a0\u00bb button_border_width__hover_enabled=\u00a0\u00bboff\u00a0\u00bb button_one_border_width__hover_enabled=\u00a0\u00bboff\u00a0\u00bb button_two_border_width__hover_enabled=\u00a0\u00bboff\u00a0\u00bb button_border_color__hover_enabled=\u00a0\u00bboff\u00a0\u00bb button_one_border_color__hover_enabled=\u00a0\u00bboff\u00a0\u00bb button_two_border_color__hover_enabled=\u00a0\u00bboff\u00a0\u00bb button_border_radius__hover_enabled=\u00a0\u00bboff\u00a0\u00bb button_one_border_radius__hover_enabled=\u00a0\u00bboff\u00a0\u00bb button_two_border_radius__hover_enabled=\u00a0\u00bboff\u00a0\u00bb button_letter_spacing__hover_enabled=\u00a0\u00bbon\u00a0\u00bb button_letter_spacing__hover=\u00a0\u00bb2px\u00a0\u00bb button_one_letter_spacing__hover_enabled=\u00a0\u00bboff\u00a0\u00bb button_two_letter_spacing__hover_enabled=\u00a0\u00bboff\u00a0\u00bb button_bg_color__hover_enabled=\u00a0\u00bboff\u00a0\u00bb button_one_bg_color__hover_enabled=\u00a0\u00bboff\u00a0\u00bb button_two_bg_color__hover_enabled=\u00a0\u00bboff\u00a0\u00bb]<\/p>\n<p style=\"text-align: justify;\">\n<p>JST, Jeunes Schaerbeekois au travail a \u00e9t\u00e9 cr\u00e9\u00e9 en 1996. Nous sommes un organisme d&rsquo;insertion socioprofesionnelle au service des demandeurs d&#8217;emploi bruxellois peu qualifi\u00e9s.\u00a0 Nous collaborons principalement avec la commune de Schaerbeek.\u00a0<\/p>\n<p><a href=\"https:\/\/drive.google.com\/file\/d\/1kCYyCYkOOOZ63g7-DDqJdDOIWKaaFbaH\/view?usp=sharing\">Retrouvez notre dernier rapport d&rsquo;activit\u00e9 ici<\/a><\/p>\n<p>En bref, JST c&rsquo;est:<\/p>\n<p>\u00a0&#8211; un taux de sorties positives proche de 80%. Parmi les meilleurs de la r\u00e9gion bruxelloise<br \/>&#8211; 20 travailleurs au service de 70 stagiaires<br \/>&#8211; <a href=\"https:\/\/www.jst1030.be\/?et_fb=1&amp;PageSpeed=off\">4 formations<\/a><br \/>&#8211; depuis sa cr\u00e9ation des centaines de chercheurs.euses d&#8217;emplois remis en activit\u00e9<br \/>&#8211; des actions qui rendent Schaerbeek plus belle et inclusive<\/p>\n<p>Nous formons surtout sur chantier et en atelier. Des r\u00e9alisations concr\u00e8tes : entretien de parcs et voiries schaerbeekoises, entretien de cr\u00e8ches communales, dons de v\u00e9los aux \u00e9coles et associations schaerbeekoises.\u00a0\u00a0<\/p>\n<p>JST porte \u00e9galement des projets dans le cadre de contrats de quartier.<\/p>\n<p>[\/et_pb_cta][\/et_pb_column][\/et_pb_row][\/et_pb_section][et_pb_section fb_built=\u00a0\u00bb1&Prime; admin_label=\u00a0\u00bbHero section\u00a0\u00bb _builder_version=\u00a0\u00bb4.27.4&Prime; use_background_color_gradient=\u00a0\u00bbon\u00a0\u00bb background_color_gradient_stops=\u00a0\u00bbrgba(150,105,97,0.67) 0%|rgba(2,0,76,0.84) 100%\u00a0\u00bb background_color_gradient_overlays_image=\u00a0\u00bbon\u00a0\u00bb background_color_gradient_start=\u00a0\u00bbrgba(150,105,97,0.67)\u00a0\u00bb background_color_gradient_end=\u00a0\u00bbrgba(2,0,76,0.84)\u00a0\u00bb background_image=\u00a0\u00bbhttps:\/\/www.jst1030.be\/wp-content\/uploads\/2019\/09\/chen-zo-1NTOQHBRegA-unsplash-1024&#215;576.jpg\u00a0\u00bb background_position=\u00a0\u00bbtop_center\u00a0\u00bb custom_margin=\u00a0\u00bb0px||0px||false|false\u00a0\u00bb custom_padding=\u00a0\u00bb0%||0%|||\u00a0\u00bb global_colors_info=\u00a0\u00bb{}\u00a0\u00bb][et_pb_row _builder_version=\u00a0\u00bb4.20.0&Prime; _module_preset=\u00a0\u00bbdefault\u00a0\u00bb custom_padding=\u00a0\u00bb0px|||||\u00a0\u00bb global_colors_info=\u00a0\u00bb{}\u00a0\u00bb][et_pb_column type=\u00a0\u00bb4_4&Prime; _builder_version=\u00a0\u00bb4.20.0&Prime; _module_preset=\u00a0\u00bbdefault\u00a0\u00bb global_colors_info=\u00a0\u00bb{}\u00a0\u00bb][et_pb_text _builder_version=\u00a0\u00bb4.20.0&Prime; _module_preset=\u00a0\u00bbdefault\u00a0\u00bb text_font=\u00a0\u00bb||on||||||\u00a0\u00bb text_text_color=\u00a0\u00bb#FFFFFF\u00a0\u00bb text_font_size=\u00a0\u00bb18px\u00a0\u00bb global_colors_info=\u00a0\u00bb{}\u00a0\u00bb]<\/p>\n<p>avec le soutien de<\/p>\n<p>[\/et_pb_text][\/et_pb_column][\/et_pb_row][et_pb_row _builder_version=\u00a0\u00bb4.27.4&Prime; _module_preset=\u00a0\u00bbdefault\u00a0\u00bb global_colors_info=\u00a0\u00bb{}\u00a0\u00bb][et_pb_column type=\u00a0\u00bb4_4&Prime; _builder_version=\u00a0\u00bb4.27.4&Prime; _module_preset=\u00a0\u00bbdefault\u00a0\u00bb global_colors_info=\u00a0\u00bb{}\u00a0\u00bb][et_pb_image src=\u00a0\u00bbhttps:\/\/www.jst1030.be\/wp-content\/uploads\/2025\/07\/Bandeau-Canva-partenaires-juillet-2025.png\u00a0\u00bb title_text=\u00a0\u00bbBandeau Canva partenaires juillet 2025&Prime; _builder_version=\u00a0\u00bb4.27.4&Prime; _module_preset=\u00a0\u00bbdefault\u00a0\u00bb global_colors_info=\u00a0\u00bb{}\u00a0\u00bb][\/et_pb_image][\/et_pb_column][\/et_pb_row][\/et_pb_section]<\/p>\n","protected":false},"excerpt":{"rendered":"<p>JST, Jeunes Schaerbeekois au travail a \u00e9t\u00e9 cr\u00e9\u00e9 en 1996. Nous sommes un organisme d&rsquo;insertion socioprofesionnelle au service des demandeurs d&#8217;emploi bruxellois peu qualifi\u00e9s.\u00a0 Nous collaborons principalement avec la commune de Schaerbeek.\u00a0 Retrouvez notre dernier rapport d&rsquo;activit\u00e9 ici En bref, JST c&rsquo;est: \u00a0&#8211; un taux de sorties positives proche de 80%. Parmi les meilleurs de [&hellip;]<\/p>\n","protected":false},"author":5,"featured_media":0,"parent":0,"menu_order":0,"comment_status":"closed","ping_status":"closed","template":"","meta":{"_et_pb_use_builder":"on","_et_pb_old_content":"","_et_gb_content_width":"","footnotes":""},"class_list":["post-620","page","type-page","status-publish","hentry"],"yoast_head":"<!-- This site is optimized with the Yoast SEO plugin v27.5 - https:\/\/yoast.com\/product\/yoast-seo-wordpress\/ -->\n<title>Qui sommes nous? - JST ASBL<\/title>\n<meta name=\"robots\" content=\"index, follow, max-snippet:-1, max-image-preview:large, max-video-preview:-1\" \/>\n<link rel=\"canonical\" href=\"https:\/\/www.jst1030.be\/?page_id=620\" \/>\n<meta property=\"og:locale\" content=\"fr_FR\" \/>\n<meta property=\"og:type\" content=\"article\" \/>\n<meta property=\"og:title\" content=\"Qui sommes nous? - JST ASBL\" \/>\n<meta property=\"og:description\" content=\"JST, Jeunes Schaerbeekois au travail a \u00e9t\u00e9 cr\u00e9\u00e9 en 1996. Nous sommes un organisme d&#039;insertion socioprofesionnelle au service des demandeurs d&#039;emploi bruxellois peu qualifi\u00e9s.\u00a0 Nous collaborons principalement avec la commune de Schaerbeek.\u00a0 Retrouvez notre dernier rapport d&#039;activit\u00e9 ici En bref, JST c&#039;est: \u00a0- un taux de sorties positives proche de 80%. Parmi les meilleurs de [&hellip;]\" \/>\n<meta property=\"og:url\" content=\"https:\/\/www.jst1030.be\/?page_id=620\" \/>\n<meta property=\"og:site_name\" content=\"JST ASBL\" \/>\n<meta property=\"article:publisher\" content=\"https:\/\/www.facebook.com\/JstAsblJeunesSchaerbeekoisAuTravail?locale=fr_FR\" \/>\n<meta property=\"article:modified_time\" content=\"2025-07-09T14:20:31+00:00\" \/>\n<meta name=\"twitter:card\" content=\"summary_large_image\" \/>\n<meta name=\"twitter:label1\" content=\"Dur\u00e9e de lecture estim\u00e9e\" \/>\n\t<meta name=\"twitter:data1\" content=\"4 minutes\" \/>\n<script type=\"application\/ld+json\" class=\"yoast-schema-graph\">{\"@context\":\"https:\\\/\\\/schema.org\",\"@graph\":[{\"@type\":\"WebPage\",\"@id\":\"https:\\\/\\\/www.jst1030.be\\\/?page_id=620\",\"url\":\"https:\\\/\\\/www.jst1030.be\\\/?page_id=620\",\"name\":\"Qui sommes nous? - JST ASBL\",\"isPartOf\":{\"@id\":\"https:\\\/\\\/www.jst1030.be\\\/#website\"},\"datePublished\":\"2023-03-02T11:17:27+00:00\",\"dateModified\":\"2025-07-09T14:20:31+00:00\",\"breadcrumb\":{\"@id\":\"https:\\\/\\\/www.jst1030.be\\\/?page_id=620#breadcrumb\"},\"inLanguage\":\"fr-FR\",\"potentialAction\":[{\"@type\":\"ReadAction\",\"target\":[\"https:\\\/\\\/www.jst1030.be\\\/?page_id=620\"]}]},{\"@type\":\"BreadcrumbList\",\"@id\":\"https:\\\/\\\/www.jst1030.be\\\/?page_id=620#breadcrumb\",\"itemListElement\":[{\"@type\":\"ListItem\",\"position\":1,\"name\":\"Accueil\",\"item\":\"https:\\\/\\\/www.jst1030.be\\\/\"},{\"@type\":\"ListItem\",\"position\":2,\"name\":\"Qui sommes nous?\"}]},{\"@type\":\"WebSite\",\"@id\":\"https:\\\/\\\/www.jst1030.be\\\/#website\",\"url\":\"https:\\\/\\\/www.jst1030.be\\\/\",\"name\":\"JST ASBL\",\"description\":\"Formation par le travail\",\"publisher\":{\"@id\":\"https:\\\/\\\/www.jst1030.be\\\/#organization\"},\"potentialAction\":[{\"@type\":\"SearchAction\",\"target\":{\"@type\":\"EntryPoint\",\"urlTemplate\":\"https:\\\/\\\/www.jst1030.be\\\/?s={search_term_string}\"},\"query-input\":{\"@type\":\"PropertyValueSpecification\",\"valueRequired\":true,\"valueName\":\"search_term_string\"}}],\"inLanguage\":\"fr-FR\"},{\"@type\":\"Organization\",\"@id\":\"https:\\\/\\\/www.jst1030.be\\\/#organization\",\"name\":\"JST ASBL\",\"url\":\"https:\\\/\\\/www.jst1030.be\\\/\",\"logo\":{\"@type\":\"ImageObject\",\"inLanguage\":\"fr-FR\",\"@id\":\"https:\\\/\\\/www.jst1030.be\\\/#\\\/schema\\\/logo\\\/image\\\/\",\"url\":\"https:\\\/\\\/www.jst1030.be\\\/wp-content\\\/uploads\\\/2019\\\/12\\\/cropped-favicon-1.jpg\",\"contentUrl\":\"https:\\\/\\\/www.jst1030.be\\\/wp-content\\\/uploads\\\/2019\\\/12\\\/cropped-favicon-1.jpg\",\"width\":512,\"height\":512,\"caption\":\"JST ASBL\"},\"image\":{\"@id\":\"https:\\\/\\\/www.jst1030.be\\\/#\\\/schema\\\/logo\\\/image\\\/\"},\"sameAs\":[\"https:\\\/\\\/www.facebook.com\\\/JstAsblJeunesSchaerbeekoisAuTravail?locale=fr_FR\"]}]}<\/script>\n<!-- \/ Yoast SEO plugin. -->","yoast_head_json":{"title":"Qui sommes nous? - JST ASBL","robots":{"index":"index","follow":"follow","max-snippet":"max-snippet:-1","max-image-preview":"max-image-preview:large","max-video-preview":"max-video-preview:-1"},"canonical":"https:\/\/www.jst1030.be\/?page_id=620","og_locale":"fr_FR","og_type":"article","og_title":"Qui sommes nous? - JST ASBL","og_description":"JST, Jeunes Schaerbeekois au travail a \u00e9t\u00e9 cr\u00e9\u00e9 en 1996. Nous sommes un organisme d'insertion socioprofesionnelle au service des demandeurs d'emploi bruxellois peu qualifi\u00e9s.\u00a0 Nous collaborons principalement avec la commune de Schaerbeek.\u00a0 Retrouvez notre dernier rapport d'activit\u00e9 ici En bref, JST c'est: \u00a0- un taux de sorties positives proche de 80%. Parmi les meilleurs de [&hellip;]","og_url":"https:\/\/www.jst1030.be\/?page_id=620","og_site_name":"JST ASBL","article_publisher":"https:\/\/www.facebook.com\/JstAsblJeunesSchaerbeekoisAuTravail?locale=fr_FR","article_modified_time":"2025-07-09T14:20:31+00:00","twitter_card":"summary_large_image","twitter_misc":{"Dur\u00e9e de lecture estim\u00e9e":"4 minutes"},"schema":{"@context":"https:\/\/schema.org","@graph":[{"@type":"WebPage","@id":"https:\/\/www.jst1030.be\/?page_id=620","url":"https:\/\/www.jst1030.be\/?page_id=620","name":"Qui sommes nous? - JST ASBL","isPartOf":{"@id":"https:\/\/www.jst1030.be\/#website"},"datePublished":"2023-03-02T11:17:27+00:00","dateModified":"2025-07-09T14:20:31+00:00","breadcrumb":{"@id":"https:\/\/www.jst1030.be\/?page_id=620#breadcrumb"},"inLanguage":"fr-FR","potentialAction":[{"@type":"ReadAction","target":["https:\/\/www.jst1030.be\/?page_id=620"]}]},{"@type":"BreadcrumbList","@id":"https:\/\/www.jst1030.be\/?page_id=620#breadcrumb","itemListElement":[{"@type":"ListItem","position":1,"name":"Accueil","item":"https:\/\/www.jst1030.be\/"},{"@type":"ListItem","position":2,"name":"Qui sommes nous?"}]},{"@type":"WebSite","@id":"https:\/\/www.jst1030.be\/#website","url":"https:\/\/www.jst1030.be\/","name":"JST ASBL","description":"Formation par le travail","publisher":{"@id":"https:\/\/www.jst1030.be\/#organization"},"potentialAction":[{"@type":"SearchAction","target":{"@type":"EntryPoint","urlTemplate":"https:\/\/www.jst1030.be\/?s={search_term_string}"},"query-input":{"@type":"PropertyValueSpecification","valueRequired":true,"valueName":"search_term_string"}}],"inLanguage":"fr-FR"},{"@type":"Organization","@id":"https:\/\/www.jst1030.be\/#organization","name":"JST ASBL","url":"https:\/\/www.jst1030.be\/","logo":{"@type":"ImageObject","inLanguage":"fr-FR","@id":"https:\/\/www.jst1030.be\/#\/schema\/logo\/image\/","url":"https:\/\/www.jst1030.be\/wp-content\/uploads\/2019\/12\/cropped-favicon-1.jpg","contentUrl":"https:\/\/www.jst1030.be\/wp-content\/uploads\/2019\/12\/cropped-favicon-1.jpg","width":512,"height":512,"caption":"JST ASBL"},"image":{"@id":"https:\/\/www.jst1030.be\/#\/schema\/logo\/image\/"},"sameAs":["https:\/\/www.facebook.com\/JstAsblJeunesSchaerbeekoisAuTravail?locale=fr_FR"]}]}},"_links":{"self":[{"href":"https:\/\/www.jst1030.be\/index.php?rest_route=\/wp\/v2\/pages\/620","targetHints":{"allow":["GET"]}}],"collection":[{"href":"https:\/\/www.jst1030.be\/index.php?rest_route=\/wp\/v2\/pages"}],"about":[{"href":"https:\/\/www.jst1030.be\/index.php?rest_route=\/wp\/v2\/types\/page"}],"author":[{"embeddable":true,"href":"https:\/\/www.jst1030.be\/index.php?rest_route=\/wp\/v2\/users\/5"}],"replies":[{"embeddable":true,"href":"https:\/\/www.jst1030.be\/index.php?rest_route=%2Fwp%2Fv2%2Fcomments&post=620"}],"version-history":[{"count":32,"href":"https:\/\/www.jst1030.be\/index.php?rest_route=\/wp\/v2\/pages\/620\/revisions"}],"predecessor-version":[{"id":989,"href":"https:\/\/www.jst1030.be\/index.php?rest_route=\/wp\/v2\/pages\/620\/revisions\/989"}],"wp:attachment":[{"href":"https:\/\/www.jst1030.be\/index.php?rest_route=%2Fwp%2Fv2%2Fmedia&parent=620"}],"curies":[{"name":"wp","href":"https:\/\/api.w.org\/{rel}","templated":true}]}}